{"id":13390,"date":"2025-08-13T16:23:08","date_gmt":"2025-08-13T14:23:08","guid":{"rendered":"https:\/\/tenoten.ma\/?page_id=13390"},"modified":"2026-02-18T14:03:51","modified_gmt":"2026-02-18T13:03:51","slug":"posologie-et-mode-dadministration","status":"publish","type":"page","link":"https:\/\/tenoten.ma\/en\/posologie-et-mode-dadministration\/","title":{"rendered":"Posologie"},"content":{"rendered":"<div data-elementor-type=\"wp-page\" data-elementor-id=\"13390\" class=\"elementor elementor-13390\" data-elementor-post-type=\"page\">\n\t\t\t\t\t\t<section data-particle_enable=\"false\" data-particle-mobile-disabled=\"false\" class=\"elementor-section elementor-top-section elementor-element elementor-element-1aa3be1 elementor-section-boxed elementor-section-height-default elementor-section-height-default default\" data-id=\"1aa3be1\" data-element_type=\"section\" data-e-type=\"section\">\n\t\t\t\t\t\t<div class=\"elementor-container elementor-column-gap-no\">\n\t\t\t\t\t<div class=\"elementor-column elementor-col-50 elementor-top-column elementor-element elementor-element-ac866a7\" data-id=\"ac866a7\" data-element_type=\"column\" data-e-type=\"column\" data-settings=\"{&quot;background_background&quot;:&quot;classic&quot;}\">\n\t\t\t<div class=\"elementor-widget-wrap elementor-element-populated\">\n\t\t\t\t\t\t<section data-particle_enable=\"false\" data-particle-mobile-disabled=\"false\" class=\"elementor-section elementor-inner-section elementor-element elementor-element-c3c206e elementor-section-boxed elementor-section-height-default elementor-section-height-default default\" data-id=\"c3c206e\" data-element_type=\"section\" data-e-type=\"section\">\n\t\t\t\t\t\t<div class=\"elementor-container elementor-column-gap-default\">\n\t\t\t\t\t<div class=\"elementor-column elementor-col-50 elementor-inner-column elementor-element elementor-element-ef0a390 banner-cal-full blur-bg\" data-id=\"ef0a390\" data-element_type=\"column\" data-e-type=\"column\" data-settings=\"{&quot;background_background&quot;:&quot;classic&quot;}\">\n\t\t\t<div class=\"elementor-widget-wrap\">\n\t\t\t\t\t\t\t<\/div>\n\t\t<\/div>\n\t\t\t\t<div class=\"elementor-column elementor-col-50 elementor-inner-column elementor-element elementor-element-d15dd54\" data-id=\"d15dd54\" data-element_type=\"column\" data-e-type=\"column\">\n\t\t\t<div class=\"elementor-widget-wrap\">\n\t\t\t\t\t\t\t<\/div>\n\t\t<\/div>\n\t\t\t\t\t<\/div>\n\t\t<\/section>\n\t\t\t\t\t<\/div>\n\t\t<\/div>\n\t\t\t\t<div class=\"elementor-column elementor-col-50 elementor-top-column elementor-element elementor-element-9507543\" data-id=\"9507543\" data-element_type=\"column\" data-e-type=\"column\">\n\t\t\t<div class=\"elementor-widget-wrap elementor-element-populated\">\n\t\t\t\t\t\t<div class=\"elementor-element elementor-element-a6eb95c elementor-widget elementor-widget-title\" data-id=\"a6eb95c\" data-element_type=\"widget\" data-e-type=\"widget\" data-widget_type=\"title.default\">\n\t\t\t\t<div class=\"elementor-widget-container\">\n\t\t\t\t\t\n\n\n        <div class=\"theme-title  ht-split-text\">\n\n            <h6><span class=\"pipe-thin\">\n<\/span>\n<\/span>Posologie TENOTEN\u00ae pour Adultes :\n<\/h6>\n\n          <h2 data-splitting=\"chars\">Posologie pour les patients \u00e2g\u00e9s de 18 ans et plus dans le traitement de l\u2019anxi\u00e9t\u00e9.\n\n\n<\/h2>\n\n                  \n\n\n\n        <\/div>\n\n        \n\n        <script>\n\n        jQuery(document).ready(function() {\n\n if(jQuery(\".ht-split-text\").length) {\n\n Splitting();\n\n            var themeht_animation_text = function (container, item) {\n\n                jQuery(window).scroll(function () {\n\n                    var windowBottom = jQuery(this).scrollTop() + jQuery(this).innerHeight();\n\n                    jQuery(container).each(function (index, value) {\n\n                        var objectBottom = jQuery(this).offset().top + jQuery(this).outerHeight() * 0.1;\n\n                        \n\n                        if (objectBottom < windowBottom) { \n\n                            var seat = jQuery(this).find(item);\n\n                            for (var i = 0; i < seat.length; i++) {\n\n                                (function (index) {\n\n                                    setTimeout(function () {\n\n                                        seat.eq(index).addClass('ht-animated');\n\n                                    }, 200 * index);\n\n                                })(i);\n\n                            }\n\n                        }\n\n                    });\n\n                }).scroll();\n\n            };\n\n        \n\n            jQuery(function() {\n\n                themeht_animation_text(\".theme-title\", \".splitting\");\n\n            });\n\n        }\n\n });\n\n      <\/script>\n\n\n\n        \t\t\t\t<\/div>\n\t\t\t\t<\/div>\n\t\t\t\t<div class=\"elementor-element elementor-element-4110f1d elementor-hidden-desktop elementor-hidden-tablet elementor-hidden-mobile elementor-widget elementor-widget-list_style\" data-id=\"4110f1d\" data-element_type=\"widget\" data-e-type=\"widget\" data-widget_type=\"list_style.default\">\n\t\t\t\t<div class=\"elementor-widget-container\">\n\t\t\t\t\t\r\n        <!-- Start rendering the output -->\r\n\r\n        <ul class=\"list-unstyled list-icon\">\r\n                          <li><i aria-hidden=\"true\" class=\"flaticon flaticon-check-mark\"><\/i> <p style=\"font-size:19px;\"> <strong>Mode d'administration<\/strong> : Pour usage oral. Le comprim\u00e9 doit \u00eatre conserv\u00e9 dans la bouche jusqu'\u00e0 ce qu'il soit compl\u00e8tement dissous ; ne pas prendre pendant le repas.<\/p><\/li>\r\n                            <li><i aria-hidden=\"true\" class=\"flaticon flaticon-check-mark\"><\/i> <p style=\"font-size:19px;\"> <strong>Posologie<\/strong> : 1 ou 2 comprim\u00e9s par prise. <br\/> Le m\u00e9dicament doit \u00eatre pris 2 fois par jour (si n\u00e9cessaire, jusqu'\u00e0 4 fois par jour). La dur\u00e9e totale du traitement est de 1 \u00e0 3 mois ; le traitement peut \u00eatre prolong\u00e9 jusqu'\u00e0 6 mois ou r\u00e9p\u00e9t\u00e9 en 1 \u00e0 2 mois, si n\u00e9cessaire. <\/p><\/li>\r\n                            <li><i aria-hidden=\"true\" class=\"flaticon flaticon-check-mark\"><\/i> <p style=\"font-size:19px; color:#174570;\"> Si aucune am\u00e9lioration durable n'est obtenue dans les 3-4 semaines suivant le d\u00e9but du traitement, <strong>une consultation suppl\u00e9mentaire avec un m\u00e9decin est n\u00e9cessaire<\/strong>.<br\/> Population p\u00e9diatrique : La s\u00e9curit\u00e9 et l'efficacit\u00e9 de TENOTEN chez les enfants et adolescents de moins de 18 ans n'ont pas \u00e9t\u00e9 \u00e9tablies. <\/p> ``<\/li>\r\n                          <\/ul>\r\n        <!-- End rendering the output -->\r\n\r\n\r\n\r\n        \t\t\t\t<\/div>\n\t\t\t\t<\/div>\n\t\t\t\t<div class=\"elementor-element elementor-element-2a76b4b elementor-widget elementor-widget-text-editor\" data-id=\"2a76b4b\" data-element_type=\"widget\" data-e-type=\"widget\" data-widget_type=\"text-editor.default\">\n\t\t\t\t\t\t\t\t\t<ul class=\"list-unstyled list-icon\"><li><i class=\"flaticon flaticon-check-mark\" aria-hidden=\"true\"><\/i><p><strong>Mode d&#8217;administration<\/strong> : Pour usage oral. Le comprim\u00e9 doit \u00eatre conserv\u00e9 dans la bouche jusqu&#8217;\u00e0 ce qu&#8217;il soit compl\u00e8tement dissous ; ne pas prendre pendant le repas.<\/p><\/li><li><i class=\"flaticon flaticon-check-mark\" aria-hidden=\"true\"><\/i><p><strong>Posologie<\/strong> : 1 ou 2 comprim\u00e9s par prise.<br \/>Le m\u00e9dicament doit \u00eatre pris 2 fois par jour (si n\u00e9cessaire, jusqu&#8217;\u00e0 4 fois par jour). La dur\u00e9e totale du traitement est de 1 \u00e0 3 mois ; le traitement peut \u00eatre prolong\u00e9 jusqu&#8217;\u00e0 6 mois ou r\u00e9p\u00e9t\u00e9 en 1 \u00e0 2 mois, si n\u00e9cessaire.<\/p><\/li><li><i class=\"flaticon flaticon-check-mark\" aria-hidden=\"true\"><\/i><br \/><p class=\"warning\">Si aucune am\u00e9lioration durable n&#8217;est obtenue dans les 3-4 semaines suivant le d\u00e9but du traitement, <strong>une consultation suppl\u00e9mentaire avec un m\u00e9decin est n\u00e9cessaire<\/strong>.<br \/><strong>Population p\u00e9diatrique :<\/strong> La s\u00e9curit\u00e9 et l&#8217;efficacit\u00e9 de TENOTEN chez les enfants et adolescents de moins de 18 ans n&#8217;ont pas \u00e9t\u00e9 \u00e9tablies.<\/p><\/li><\/ul>\t\t\t\t\t\t\t\t<\/div>\n\t\t\t\t\t<\/div>\n\t\t<\/div>\n\t\t\t\t\t<\/div>\n\t\t<\/section>\n\t\t\t\t<section data-particle_enable=\"false\" data-particle-mobile-disabled=\"false\" class=\"elementor-section elementor-top-section elementor-element elementor-element-c35ea35 elementor-section-stretched secondary-bg elementor-section-boxed elementor-section-height-default elementor-section-height-default\" data-id=\"c35ea35\" data-element_type=\"section\" data-e-type=\"section\" data-settings=\"{&quot;stretch_section&quot;:&quot;section-stretched&quot;}\">\n\t\t\t\t\t\t<div class=\"elementor-container elementor-column-gap-no\">\n\t\t\t\t\t<div class=\"elementor-column elementor-col-50 elementor-top-column elementor-element elementor-element-8c05e4c\" data-id=\"8c05e4c\" data-element_type=\"column\" data-e-type=\"column\">\n\t\t\t<div class=\"elementor-widget-wrap elementor-element-populated\">\n\t\t\t\t\t\t<div class=\"elementor-element elementor-element-7a07a86 elementor-widget elementor-widget-title\" data-id=\"7a07a86\" data-element_type=\"widget\" data-e-type=\"widget\" data-widget_type=\"title.default\">\n\t\t\t\t<div class=\"elementor-widget-container\">\n\t\t\t\t\t\n\n\n        <div class=\"theme-title  ht-split-text\">\n\n            <h6><span class=\"pipe-thin\">\n<\/span>\n<\/span>Posologie TENOTEN\u00ae pour Enfants :\n<\/h6>\n\n          <h2 data-splitting=\"chars\">Posologie pour les patients \u00e2g\u00e9s de 3 \u00e0 18 ans dans le traitement de l\u2019anxi\u00e9t\u00e9 et du TDAH.\n\n<\/h2>\n\n                  \n\n\n\n        <\/div>\n\n        \n\n        <script>\n\n        jQuery(document).ready(function() {\n\n if(jQuery(\".ht-split-text\").length) {\n\n Splitting();\n\n            var themeht_animation_text = function (container, item) {\n\n                jQuery(window).scroll(function () {\n\n                    var windowBottom = jQuery(this).scrollTop() + jQuery(this).innerHeight();\n\n                    jQuery(container).each(function (index, value) {\n\n                        var objectBottom = jQuery(this).offset().top + jQuery(this).outerHeight() * 0.1;\n\n                        \n\n                        if (objectBottom < windowBottom) { \n\n                            var seat = jQuery(this).find(item);\n\n                            for (var i = 0; i < seat.length; i++) {\n\n                                (function (index) {\n\n                                    setTimeout(function () {\n\n                                        seat.eq(index).addClass('ht-animated');\n\n                                    }, 200 * index);\n\n                                })(i);\n\n                            }\n\n                        }\n\n                    });\n\n                }).scroll();\n\n            };\n\n        \n\n            jQuery(function() {\n\n                themeht_animation_text(\".theme-title\", \".splitting\");\n\n            });\n\n        }\n\n });\n\n      <\/script>\n\n\n\n        \t\t\t\t<\/div>\n\t\t\t\t<\/div>\n\t\t\t\t<div class=\"elementor-element elementor-element-562a771 elementor-widget elementor-widget-list_style\" data-id=\"562a771\" data-element_type=\"widget\" data-e-type=\"widget\" data-widget_type=\"list_style.default\">\n\t\t\t\t<div class=\"elementor-widget-container\">\n\t\t\t\t\t\r\n        <!-- Start rendering the output -->\r\n\r\n        <ul class=\"list-unstyled list-icon\">\r\n                          <li><i aria-hidden=\"true\" class=\"flaticon flaticon-check-mark\"><\/i> <p style=\"font-size:19px;\"> <strong>Mode d'administration<\/strong> : Pour usage oral. Le comprim\u00e9 doit \u00eatre conserv\u00e9 dans la bouche jusqu'\u00e0 ce qu'il soit compl\u00e8tement dissous ; ne pas prendre pendant le repas. Si n\u00e9cessaire, le comprim\u00e9 peut \u00eatre dissous dans un petit volume d'eau potable \u00e0 temp\u00e9rature ambiante. <\/p><\/li>\r\n                            <li><i aria-hidden=\"true\" class=\"flaticon flaticon-check-mark\"><\/i> <p style=\"font-size:19px;\"> <strong>Posologie<\/strong> : Dose par administration : 1 ou 2 comprim\u00e9s par prise. <\/.<\/li>\r\n                            <li><i aria-hidden=\"true\" class=\"bi bi-dot\"><\/i> <p style=\"font-size:19px;\"> <strong>Neurasth\u00e9nie et troubles n\u00e9vrotiques :<\/strong> \u00e0 prendre \u00e0 la dose de 1 comprim\u00e9 de 1 \u00e0 3 fois par jour pour une dur\u00e9e totale de traitement de 1 \u00e0 3 mois. Si n\u00e9cessaire, le traitement peut \u00eatre poursuivi jusqu'\u00e0 6 mois ou r\u00e9p\u00e9t\u00e9 apr\u00e8s 1 \u00e0 2 mois. <\/p><\/li>\r\n                            <li><i aria-hidden=\"true\" class=\"bi bi-dot\"><\/i> <p style=\"font-size:19px;\"> <strong>Trouble d'hyperactivit\u00e9 avec d\u00e9ficit de l\u2019attention<\/strong> : \u00e0 prendre \u00e0 raison de 2 comprim\u00e9s deux fois par jour pour une dur\u00e9e totale de traitement de 1 \u00e0 3 mois. <\/p><\/li>\r\n                            <li><i aria-hidden=\"true\" class=\"bi bi-check2-circle\"><\/i> <p style=\"font-size:19px;\"> Si aucune am\u00e9lioration durable n'est obtenue dans les 3-4 semaines suivant le d\u00e9but du traitement,<strong> une consultation suppl\u00e9mentaire  avec un m\u00e9decin <\/strong> est n\u00e9cessaire.<br> <strong>Population p\u00e9diatrique.<\/strong> La s\u00e9curit\u00e9 et l'efficacit\u00e9 de TENOTEN chez les enfants de moins de 3 ans n'ont pas \u00e9t\u00e9 \u00e9tablies. <\/p><\/li>\r\n                          <\/ul>\r\n        <!-- End rendering the output -->\r\n\r\n\r\n\r\n        \t\t\t\t<\/div>\n\t\t\t\t<\/div>\n\t\t\t\t\t<\/div>\n\t\t<\/div>\n\t\t\t\t<div class=\"elementor-column elementor-col-50 elementor-top-column elementor-element elementor-element-d4a33f9\" data-id=\"d4a33f9\" data-element_type=\"column\" data-e-type=\"column\" data-settings=\"{&quot;background_background&quot;:&quot;classic&quot;}\">\n\t\t\t<div class=\"elementor-widget-wrap elementor-element-populated\">\n\t\t\t\t\t\t<div class=\"elementor-element elementor-element-e8884fd elementor-widget elementor-widget-image\" data-id=\"e8884fd\" data-element_type=\"widget\" data-e-type=\"widget\" data-widget_type=\"image.default\">\n\t\t\t\t\t\t\t\t\t\t\t\t\t\t\t<img fetchpriority=\"high\" decoding=\"async\" width=\"640\" height=\"427\" src=\"https:\/\/tenoten.ma\/wp-content\/uploads\/2025\/08\/WhatsApp-Image-2025-08-18-at-11.13.10-1024x683.jpeg\" class=\"attachment-large size-large wp-image-14371\" alt=\"\" srcset=\"https:\/\/tenoten.ma\/wp-content\/uploads\/2025\/08\/WhatsApp-Image-2025-08-18-at-11.13.10-1024x683.jpeg 1024w, https:\/\/tenoten.ma\/wp-content\/uploads\/2025\/08\/WhatsApp-Image-2025-08-18-at-11.13.10-300x200.jpeg 300w, https:\/\/tenoten.ma\/wp-content\/uploads\/2025\/08\/WhatsApp-Image-2025-08-18-at-11.13.10-768x512.jpeg 768w, https:\/\/tenoten.ma\/wp-content\/uploads\/2025\/08\/WhatsApp-Image-2025-08-18-at-11.13.10-1536x1024.jpeg 1536w, https:\/\/tenoten.ma\/wp-content\/uploads\/2025\/08\/WhatsApp-Image-2025-08-18-at-11.13.10-18x12.jpeg 18w, https:\/\/tenoten.ma\/wp-content\/uploads\/2025\/08\/WhatsApp-Image-2025-08-18-at-11.13.10-495x330.jpeg 495w, https:\/\/tenoten.ma\/wp-content\/uploads\/2025\/08\/WhatsApp-Image-2025-08-18-at-11.13.10-270x180.jpeg 270w, https:\/\/tenoten.ma\/wp-content\/uploads\/2025\/08\/WhatsApp-Image-2025-08-18-at-11.13.10.jpeg 1600w\" sizes=\"(max-width: 640px) 100vw, 640px\" \/>\t\t\t\t\t\t\t\t\t\t\t\t\t\t\t<\/div>\n\t\t\t\t\t<\/div>\n\t\t<\/div>\n\t\t\t\t\t<\/div>\n\t\t<\/section>\n\t\t\t\t<section data-particle_enable=\"false\" data-particle-mobile-disabled=\"false\" class=\"elementor-section elementor-top-section elementor-element elementor-element-caeada9 elementor-hidden-desktop elementor-hidden-tablet elementor-hidden-mobile elementor-section-boxed elementor-section-height-default elementor-section-height-default default\" data-id=\"caeada9\" data-element_type=\"section\" data-e-type=\"section\">\n\t\t\t\t\t\t<div class=\"elementor-container elementor-column-gap-no\">\n\t\t\t\t\t<div class=\"elementor-column elementor-col-100 elementor-top-column elementor-element elementor-element-77a9b87\" data-id=\"77a9b87\" data-element_type=\"column\" data-e-type=\"column\">\n\t\t\t<div class=\"elementor-widget-wrap elementor-element-populated\">\n\t\t\t\t\t\t<div class=\"elementor-element elementor-element-5ac2d75 elementor-widget elementor-widget-title\" data-id=\"5ac2d75\" data-element_type=\"widget\" data-e-type=\"widget\" data-widget_type=\"title.default\">\n\t\t\t\t<div class=\"elementor-widget-container\">\n\t\t\t\t\t\n\n\n        <div class=\"theme-title  ht-split-text center\">\n\n            <h6>Nos Articles<\/h6>\n\n          <h2 data-splitting=\"chars\">D\u00e9couvrez notre dernier article\n<\/h2>\n\n                  \n\n\n\n        <\/div>\n\n        \n\n        <script>\n\n        jQuery(document).ready(function() {\n\n if(jQuery(\".ht-split-text\").length) {\n\n Splitting();\n\n            var themeht_animation_text = function (container, item) {\n\n                jQuery(window).scroll(function () {\n\n                    var windowBottom = jQuery(this).scrollTop() + jQuery(this).innerHeight();\n\n                    jQuery(container).each(function (index, value) {\n\n                        var objectBottom = jQuery(this).offset().top + jQuery(this).outerHeight() * 0.1;\n\n                        \n\n                        if (objectBottom < windowBottom) { \n\n                            var seat = jQuery(this).find(item);\n\n                            for (var i = 0; i < seat.length; i++) {\n\n                                (function (index) {\n\n                                    setTimeout(function () {\n\n                                        seat.eq(index).addClass('ht-animated');\n\n                                    }, 200 * index);\n\n                                })(i);\n\n                            }\n\n                        }\n\n                    });\n\n                }).scroll();\n\n            };\n\n        \n\n            jQuery(function() {\n\n                themeht_animation_text(\".theme-title\", \".splitting\");\n\n            });\n\n        }\n\n });\n\n      <\/script>\n\n\n\n        \t\t\t\t<\/div>\n\t\t\t\t<\/div>\n\t\t\t\t<div class=\"elementor-element elementor-element-7f5098a elementor-widget elementor-widget-post-grid\" data-id=\"7f5098a\" data-element_type=\"widget\" data-e-type=\"widget\" data-widget_type=\"post-grid.default\">\n\t\t\t\t<div class=\"elementor-widget-container\">\n\t\t\t\t\t\n<div class=\"\">\n\n        <div class=\"row\">\n\n\n\n           \n         <\/div>\n     <\/div>\n\n        \t\t\t\t<\/div>\n\t\t\t\t<\/div>\n\t\t\t\t\t<\/div>\n\t\t<\/div>\n\t\t\t\t\t<\/div>\n\t\t<\/section>\n\t\t\t\t<\/div>","protected":false},"excerpt":{"rendered":"<p>Posologie TENOTEN\u00ae pour Adultes : Posologie pour les patients \u00e2g\u00e9s de 18 ans et plus dans le traitement de l\u2019anxi\u00e9t\u00e9. Mode d&#8217;administration : Pour usage oral. Le comprim\u00e9 doit \u00eatre conserv\u00e9 dans la bouche jusqu&#8217;\u00e0 ce qu&#8217;il soit compl\u00e8tement dissous ; ne pas prendre pendant le repas. Posologie : 1 ou 2 comprim\u00e9s par prise. [&hellip;]<\/p>\n","protected":false},"author":1,"featured_media":0,"parent":0,"menu_order":0,"comment_status":"closed","ping_status":"closed","template":"","meta":{"_acf_changed":false,"footnotes":""},"class_list":["post-13390","page","type-page","status-publish","hentry"],"acf":[],"_links":{"self":[{"href":"https:\/\/tenoten.ma\/en\/wp-json\/wp\/v2\/pages\/13390","targetHints":{"allow":["GET"]}}],"collection":[{"href":"https:\/\/tenoten.ma\/en\/wp-json\/wp\/v2\/pages"}],"about":[{"href":"https:\/\/tenoten.ma\/en\/wp-json\/wp\/v2\/types\/page"}],"author":[{"embeddable":true,"href":"https:\/\/tenoten.ma\/en\/wp-json\/wp\/v2\/users\/1"}],"replies":[{"embeddable":true,"href":"https:\/\/tenoten.ma\/en\/wp-json\/wp\/v2\/comments?post=13390"}],"version-history":[{"count":287,"href":"https:\/\/tenoten.ma\/en\/wp-json\/wp\/v2\/pages\/13390\/revisions"}],"predecessor-version":[{"id":15279,"href":"https:\/\/tenoten.ma\/en\/wp-json\/wp\/v2\/pages\/13390\/revisions\/15279"}],"wp:attachment":[{"href":"https:\/\/tenoten.ma\/en\/wp-json\/wp\/v2\/media?parent=13390"}],"curies":[{"name":"wp","href":"https:\/\/api.w.org\/{rel}","templated":true}]}}