{"id":13383,"date":"2025-08-13T16:23:29","date_gmt":"2025-08-13T14:23:29","guid":{"rendered":"https:\/\/tenoten.ma\/?page_id=13383"},"modified":"2025-12-10T16:23:23","modified_gmt":"2025-12-10T15:23:23","slug":"indications-therapeutiques","status":"publish","type":"page","link":"https:\/\/tenoten.ma\/en\/indications-therapeutiques\/","title":{"rendered":"Indications Th\u00e9rapeutiques"},"content":{"rendered":"<div data-elementor-type=\"wp-page\" data-elementor-id=\"13383\" class=\"elementor elementor-13383\" data-elementor-post-type=\"page\">\n\t\t\t\t\t\t<section data-particle_enable=\"false\" data-particle-mobile-disabled=\"false\" class=\"elementor-section elementor-top-section elementor-element elementor-element-41a607c elementor-section-full_width elementor-section-stretched elementor-section-height-default elementor-section-height-default default\" data-id=\"41a607c\" data-element_type=\"section\" data-e-type=\"section\" data-settings=\"{&quot;stretch_section&quot;:&quot;section-stretched&quot;}\">\n\t\t\t\t\t\t<div class=\"elementor-container elementor-column-gap-no\">\n\t\t\t\t\t<div class=\"elementor-column elementor-col-100 elementor-top-column elementor-element elementor-element-7c637e8\" data-id=\"7c637e8\" data-element_type=\"column\" data-e-type=\"column\">\n\t\t\t<div class=\"elementor-widget-wrap elementor-element-populated\">\n\t\t\t\t\t\t<section data-particle_enable=\"false\" data-particle-mobile-disabled=\"false\" class=\"elementor-section elementor-inner-section elementor-element elementor-element-9ea0454 elementor-section-full_width elementor-section-height-default elementor-section-height-default default\" data-id=\"9ea0454\" data-element_type=\"section\" data-e-type=\"section\">\n\t\t\t\t\t\t<div class=\"elementor-container elementor-column-gap-no\">\n\t\t\t\t\t<div class=\"elementor-column elementor-col-50 elementor-inner-column elementor-element elementor-element-eb92541\" data-id=\"eb92541\" data-element_type=\"column\" data-e-type=\"column\" data-settings=\"{&quot;background_background&quot;:&quot;classic&quot;}\">\n\t\t\t<div class=\"elementor-widget-wrap elementor-element-populated\">\n\t\t\t\t\t\t<div class=\"elementor-element elementor-element-0fe060f elementor-widget elementor-widget-title\" data-id=\"0fe060f\" data-element_type=\"widget\" data-e-type=\"widget\" data-widget_type=\"title.default\">\n\t\t\t\t<div class=\"elementor-widget-container\">\n\t\t\t\t\t\n\n\n        <div class=\"theme-title  ht-split-text\">\n\n            <h6><\/h6>\n\n          <h2 data-splitting=\"chars\"><span style=\"font-size:50px; color:#16406A;\">TENOTE<span style=\"position:relative;\">N<span style=\"position:absolute; top:-10px; left:110%; transform:translateX(-50%); font-size:22px;\">\u00ae<\/span><\/span><\/span> <b style=\"color: #077f9f; margin-left:10px;\"> Adultes<\/b><\/h2>\n\n                  \n\n\n\n        <\/div>\n\n        \n\n        <script>\n\n        jQuery(document).ready(function() {\n\n if(jQuery(\".ht-split-text\").length) {\n\n Splitting();\n\n            var themeht_animation_text = function (container, item) {\n\n                jQuery(window).scroll(function () {\n\n                    var windowBottom = jQuery(this).scrollTop() + jQuery(this).innerHeight();\n\n                    jQuery(container).each(function (index, value) {\n\n                        var objectBottom = jQuery(this).offset().top + jQuery(this).outerHeight() * 0.1;\n\n                        \n\n                        if (objectBottom < windowBottom) { \n\n                            var seat = jQuery(this).find(item);\n\n                            for (var i = 0; i < seat.length; i++) {\n\n                                (function (index) {\n\n                                    setTimeout(function () {\n\n                                        seat.eq(index).addClass('ht-animated');\n\n                                    }, 200 * index);\n\n                                })(i);\n\n                            }\n\n                        }\n\n                    });\n\n                }).scroll();\n\n            };\n\n        \n\n            jQuery(function() {\n\n                themeht_animation_text(\".theme-title\", \".splitting\");\n\n            });\n\n        }\n\n });\n\n      <\/script>\n\n\n\n        \t\t\t\t<\/div>\n\t\t\t\t<\/div>\n\t\t\t\t<div class=\"elementor-element elementor-element-f3c6682 elementor-widget elementor-widget-text-editor\" data-id=\"f3c6682\" data-element_type=\"widget\" data-e-type=\"widget\" data-widget_type=\"text-editor.default\">\n\t\t\t\t\t\t\t\t\t<div class=\"wp-block-column is-vertically-aligned-center is-layout-flow wp-block-column-is-layout-flow\"><div><p><strong>TENOTEN est indiqu\u00e9 chez l&#8217;adulte dans le traitement des :<\/strong><br \/>\u2022 \u00c9tats d&#8217;anxi\u00e9t\u00e9 dans les n\u00e9vroses et la psychasth\u00e9nie, troubles somatoformes; troubles de stress avec tension nerveuse, irritabilit\u00e9, anxi\u00e9t\u00e9 et r\u00e9ponses autonomes.<br \/>\u2022 \u00c9tats d&#8217;anxi\u00e9t\u00e9 dans l&#8217;isch\u00e9mie c\u00e9r\u00e9brale chronique avec instabilit\u00e9 \u00e9motionnelle, troubles cognitifs, dysfonctionnement\u00a0autonome.<\/p><\/div><\/div>\t\t\t\t\t\t\t\t<\/div>\n\t\t\t\t\t<\/div>\n\t\t<\/div>\n\t\t\t\t<div class=\"elementor-column elementor-col-50 elementor-inner-column elementor-element elementor-element-591d95b\" data-id=\"591d95b\" data-element_type=\"column\" data-e-type=\"column\" data-settings=\"{&quot;background_background&quot;:&quot;classic&quot;}\">\n\t\t\t<div class=\"elementor-widget-wrap elementor-element-populated\">\n\t\t\t\t\t\t<section data-particle_enable=\"false\" data-particle-mobile-disabled=\"false\" class=\"elementor-section elementor-inner-section elementor-element elementor-element-f364134 elementor-section-boxed elementor-section-height-default elementor-section-height-default default\" data-id=\"f364134\" data-element_type=\"section\" data-e-type=\"section\">\n\t\t\t\t\t\t<div class=\"elementor-container elementor-column-gap-default\">\n\t\t\t\t\t<div class=\"elementor-column elementor-col-100 elementor-inner-column elementor-element elementor-element-dedc7ae\" data-id=\"dedc7ae\" data-element_type=\"column\" data-e-type=\"column\">\n\t\t\t<div class=\"elementor-widget-wrap elementor-element-populated\">\n\t\t\t\t\t\t<div class=\"elementor-element elementor-element-199b1d7 elementor-widget elementor-widget-spacer\" data-id=\"199b1d7\" data-element_type=\"widget\" data-e-type=\"widget\" data-widget_type=\"spacer.default\">\n\t\t\t\t\t\t\t<div class=\"elementor-spacer\">\n\t\t\t<div class=\"elementor-spacer-inner\"><\/div>\n\t\t<\/div>\n\t\t\t\t\t\t<\/div>\n\t\t\t\t\t<\/div>\n\t\t<\/div>\n\t\t\t\t\t<\/div>\n\t\t<\/section>\n\t\t\t\t\t<\/div>\n\t\t<\/div>\n\t\t\t\t\t<\/div>\n\t\t<\/section>\n\t\t\t\t<section data-particle_enable=\"false\" data-particle-mobile-disabled=\"false\" class=\"elementor-section elementor-inner-section elementor-element elementor-element-6e08da4 elementor-section-full_width elementor-section-height-default elementor-section-height-default default\" data-id=\"6e08da4\" data-element_type=\"section\" data-e-type=\"section\">\n\t\t\t\t\t\t<div class=\"elementor-container elementor-column-gap-no\">\n\t\t\t\t\t<div class=\"elementor-column elementor-col-50 elementor-inner-column elementor-element elementor-element-cb9eaed\" data-id=\"cb9eaed\" data-element_type=\"column\" data-e-type=\"column\" data-settings=\"{&quot;background_background&quot;:&quot;classic&quot;}\">\n\t\t\t<div class=\"elementor-widget-wrap elementor-element-populated\">\n\t\t\t\t\t\t<section data-particle_enable=\"false\" data-particle-mobile-disabled=\"false\" class=\"elementor-section elementor-inner-section elementor-element elementor-element-bfde963 elementor-section-boxed elementor-section-height-default elementor-section-height-default default\" data-id=\"bfde963\" data-element_type=\"section\" data-e-type=\"section\">\n\t\t\t\t\t\t<div class=\"elementor-container elementor-column-gap-default\">\n\t\t\t\t\t<div class=\"elementor-column elementor-col-100 elementor-inner-column elementor-element elementor-element-761aa20\" data-id=\"761aa20\" data-element_type=\"column\" data-e-type=\"column\">\n\t\t\t<div class=\"elementor-widget-wrap elementor-element-populated\">\n\t\t\t\t\t\t<div class=\"elementor-element elementor-element-0b0c58e elementor-widget elementor-widget-spacer\" data-id=\"0b0c58e\" data-element_type=\"widget\" data-e-type=\"widget\" data-widget_type=\"spacer.default\">\n\t\t\t\t\t\t\t<div class=\"elementor-spacer\">\n\t\t\t<div class=\"elementor-spacer-inner\"><\/div>\n\t\t<\/div>\n\t\t\t\t\t\t<\/div>\n\t\t\t\t\t<\/div>\n\t\t<\/div>\n\t\t\t\t\t<\/div>\n\t\t<\/section>\n\t\t\t\t\t<\/div>\n\t\t<\/div>\n\t\t\t\t<div class=\"elementor-column elementor-col-50 elementor-inner-column elementor-element elementor-element-ed7f8d3\" data-id=\"ed7f8d3\" data-element_type=\"column\" data-e-type=\"column\" data-settings=\"{&quot;background_background&quot;:&quot;classic&quot;}\">\n\t\t\t<div class=\"elementor-widget-wrap elementor-element-populated\">\n\t\t\t\t\t\t<div class=\"elementor-element elementor-element-cd7b275 elementor-widget elementor-widget-title\" data-id=\"cd7b275\" data-element_type=\"widget\" data-e-type=\"widget\" data-widget_type=\"title.default\">\n\t\t\t\t<div class=\"elementor-widget-container\">\n\t\t\t\t\t\n\n\n        <div class=\"theme-title  ht-split-text\">\n\n            <h6><\/h6>\n\n          <h2 data-splitting=\"chars\"><span style=\"font-size:50px; color:#16406A;\">TENOTE<span style=\"position:relative;\">N<span style=\"position:absolute; top:-10px; left:110%; transform:translateX(-50%); font-size:22px;\">\u00ae<\/span><\/span><\/span> <b style=\"color: #b5d074; margin-left:10px;\"> Enfants<\/b>\n\n<\/h2>\n\n                  \n\n\n\n        <\/div>\n\n        \n\n        <script>\n\n        jQuery(document).ready(function() {\n\n if(jQuery(\".ht-split-text\").length) {\n\n Splitting();\n\n            var themeht_animation_text = function (container, item) {\n\n                jQuery(window).scroll(function () {\n\n                    var windowBottom = jQuery(this).scrollTop() + jQuery(this).innerHeight();\n\n                    jQuery(container).each(function (index, value) {\n\n                        var objectBottom = jQuery(this).offset().top + jQuery(this).outerHeight() * 0.1;\n\n                        \n\n                        if (objectBottom < windowBottom) { \n\n                            var seat = jQuery(this).find(item);\n\n                            for (var i = 0; i < seat.length; i++) {\n\n                                (function (index) {\n\n                                    setTimeout(function () {\n\n                                        seat.eq(index).addClass('ht-animated');\n\n                                    }, 200 * index);\n\n                                })(i);\n\n                            }\n\n                        }\n\n                    });\n\n                }).scroll();\n\n            };\n\n        \n\n            jQuery(function() {\n\n                themeht_animation_text(\".theme-title\", \".splitting\");\n\n            });\n\n        }\n\n });\n\n      <\/script>\n\n\n\n        \t\t\t\t<\/div>\n\t\t\t\t<\/div>\n\t\t\t\t<div class=\"elementor-element elementor-element-8a32a7d elementor-widget elementor-widget-text-editor\" data-id=\"8a32a7d\" data-element_type=\"widget\" data-e-type=\"widget\" data-widget_type=\"text-editor.default\">\n\t\t\t\t\t\t\t\t\t<div class=\"wp-block-columns alignwide is-layout-flex wp-container-core-columns-is-layout-2 wp-block-columns-is-layout-flex\"><div class=\"wp-block-column is-layout-flow wp-block-column-is-layout-flow\"><p><strong>TENOTEN pour enfants est indiqu\u00e9 chez les enfants \u00e2g\u00e9s de 3 ans et plus dans le traitement :<\/strong><br \/>\u2022 Des Neurasth\u00e9nies et troubles n\u00e9vrotiques, y compris les troubles de l&#8217;adaptation accompagn\u00e9s d&#8217;anxi\u00e9t\u00e9, d&#8217;irritabilit\u00e9, d&#8217;excitabilit\u00e9 accrue et de troubles autonomes, dans le cadre d&#8217;un traitement combin\u00e9.<br \/>\u2022 Des Troubles d&#8217;hyperactivit\u00e9 avec d\u00e9ficit de l&#8217;attention.<\/p><\/div><\/div>\t\t\t\t\t\t\t\t<\/div>\n\t\t\t\t<section data-particle_enable=\"false\" data-particle-mobile-disabled=\"false\" class=\"elementor-section elementor-inner-section elementor-element elementor-element-d382ac0 elementor-section-boxed elementor-section-height-default elementor-section-height-default default\" data-id=\"d382ac0\" data-element_type=\"section\" data-e-type=\"section\">\n\t\t\t\t\t\t<div class=\"elementor-container elementor-column-gap-default\">\n\t\t\t\t\t<div class=\"elementor-column elementor-col-50 elementor-inner-column elementor-element elementor-element-274a195 banner-cal-full\" data-id=\"274a195\" data-element_type=\"column\" data-e-type=\"column\">\n\t\t\t<div class=\"elementor-widget-wrap\">\n\t\t\t\t\t\t\t<\/div>\n\t\t<\/div>\n\t\t\t\t<div class=\"elementor-column elementor-col-50 elementor-inner-column elementor-element elementor-element-fe0e07e banner-cal-full\" data-id=\"fe0e07e\" data-element_type=\"column\" data-e-type=\"column\">\n\t\t\t<div class=\"elementor-widget-wrap\">\n\t\t\t\t\t\t\t<\/div>\n\t\t<\/div>\n\t\t\t\t\t<\/div>\n\t\t<\/section>\n\t\t\t\t\t<\/div>\n\t\t<\/div>\n\t\t\t\t\t<\/div>\n\t\t<\/section>\n\t\t\t\t\t<\/div>\n\t\t<\/div>\n\t\t\t\t\t<\/div>\n\t\t<\/section>\n\t\t\t\t<section data-particle_enable=\"false\" data-particle-mobile-disabled=\"false\" class=\"elementor-section elementor-top-section elementor-element elementor-element-211204f elementor-hidden-desktop elementor-hidden-tablet elementor-hidden-mobile elementor-section-boxed elementor-section-height-default elementor-section-height-default default\" data-id=\"211204f\" data-element_type=\"section\" data-e-type=\"section\">\n\t\t\t\t\t\t<div class=\"elementor-container elementor-column-gap-no\">\n\t\t\t\t\t<div class=\"elementor-column elementor-col-100 elementor-top-column elementor-element elementor-element-8797346\" data-id=\"8797346\" data-element_type=\"column\" data-e-type=\"column\">\n\t\t\t<div class=\"elementor-widget-wrap elementor-element-populated\">\n\t\t\t\t\t\t<div class=\"elementor-element elementor-element-fc1a5cb elementor-widget elementor-widget-title\" data-id=\"fc1a5cb\" data-element_type=\"widget\" data-e-type=\"widget\" data-widget_type=\"title.default\">\n\t\t\t\t<div class=\"elementor-widget-container\">\n\t\t\t\t\t\n\n\n        <div class=\"theme-title  ht-split-text center\">\n\n            <h6>Nos Articles<\/h6>\n\n          <h2 data-splitting=\"chars\">D\u00e9couvrez notre dernier article\n<\/h2>\n\n                  \n\n\n\n        <\/div>\n\n        \n\n        <script>\n\n        jQuery(document).ready(function() {\n\n if(jQuery(\".ht-split-text\").length) {\n\n Splitting();\n\n            var themeht_animation_text = function (container, item) {\n\n                jQuery(window).scroll(function () {\n\n                    var windowBottom = jQuery(this).scrollTop() + jQuery(this).innerHeight();\n\n                    jQuery(container).each(function (index, value) {\n\n                        var objectBottom = jQuery(this).offset().top + jQuery(this).outerHeight() * 0.1;\n\n                        \n\n                        if (objectBottom < windowBottom) { \n\n                            var seat = jQuery(this).find(item);\n\n                            for (var i = 0; i < seat.length; i++) {\n\n                                (function (index) {\n\n                                    setTimeout(function () {\n\n                                        seat.eq(index).addClass('ht-animated');\n\n                                    }, 200 * index);\n\n                                })(i);\n\n                            }\n\n                        }\n\n                    });\n\n                }).scroll();\n\n            };\n\n        \n\n            jQuery(function() {\n\n                themeht_animation_text(\".theme-title\", \".splitting\");\n\n            });\n\n        }\n\n });\n\n      <\/script>\n\n\n\n        \t\t\t\t<\/div>\n\t\t\t\t<\/div>\n\t\t\t\t<div class=\"elementor-element elementor-element-f006e91 elementor-widget elementor-widget-post-grid\" data-id=\"f006e91\" data-element_type=\"widget\" data-e-type=\"widget\" data-widget_type=\"post-grid.default\">\n\t\t\t\t<div class=\"elementor-widget-container\">\n\t\t\t\t\t\n<div class=\"\">\n\n        <div class=\"row\">\n\n\n\n           \n         <\/div>\n     <\/div>\n\n        \t\t\t\t<\/div>\n\t\t\t\t<\/div>\n\t\t\t\t\t<\/div>\n\t\t<\/div>\n\t\t\t\t\t<\/div>\n\t\t<\/section>\n\t\t\t\t<\/div>","protected":false},"excerpt":{"rendered":"<p>TENOTEN\u00ae Adultes TENOTEN est indiqu\u00e9 chez l&#8217;adulte dans le traitement des :\u2022 \u00c9tats d&#8217;anxi\u00e9t\u00e9 dans les n\u00e9vroses et la psychasth\u00e9nie, troubles somatoformes; troubles de stress avec tension nerveuse, irritabilit\u00e9, anxi\u00e9t\u00e9 et r\u00e9ponses autonomes.\u2022 \u00c9tats d&#8217;anxi\u00e9t\u00e9 dans l&#8217;isch\u00e9mie c\u00e9r\u00e9brale chronique avec instabilit\u00e9 \u00e9motionnelle, troubles cognitifs, dysfonctionnement\u00a0autonome. TENOTEN\u00ae Enfants TENOTEN pour enfants est indiqu\u00e9 chez les enfants [&hellip;]<\/p>\n","protected":false},"author":1,"featured_media":0,"parent":0,"menu_order":0,"comment_status":"closed","ping_status":"closed","template":"","meta":{"_acf_changed":false,"footnotes":""},"class_list":["post-13383","page","type-page","status-publish","hentry"],"acf":[],"_links":{"self":[{"href":"https:\/\/tenoten.ma\/en\/wp-json\/wp\/v2\/pages\/13383","targetHints":{"allow":["GET"]}}],"collection":[{"href":"https:\/\/tenoten.ma\/en\/wp-json\/wp\/v2\/pages"}],"about":[{"href":"https:\/\/tenoten.ma\/en\/wp-json\/wp\/v2\/types\/page"}],"author":[{"embeddable":true,"href":"https:\/\/tenoten.ma\/en\/wp-json\/wp\/v2\/users\/1"}],"replies":[{"embeddable":true,"href":"https:\/\/tenoten.ma\/en\/wp-json\/wp\/v2\/comments?post=13383"}],"version-history":[{"count":164,"href":"https:\/\/tenoten.ma\/en\/wp-json\/wp\/v2\/pages\/13383\/revisions"}],"predecessor-version":[{"id":15040,"href":"https:\/\/tenoten.ma\/en\/wp-json\/wp\/v2\/pages\/13383\/revisions\/15040"}],"wp:attachment":[{"href":"https:\/\/tenoten.ma\/en\/wp-json\/wp\/v2\/media?parent=13383"}],"curies":[{"name":"wp","href":"https:\/\/api.w.org\/{rel}","templated":true}]}}